{"id":2458,"date":"2020-12-02T06:52:12","date_gmt":"2020-12-02T06:52:12","guid":{"rendered":"https:\/\/www.kappadata.pl\/?page_id=2458"},"modified":"2025-08-08T14:35:59","modified_gmt":"2025-08-08T13:35:59","slug":"our-story","status":"publish","type":"page","link":"https:\/\/www.kappadata.pl\/en\/about-us\/our-story\/","title":{"rendered":"Our story"},"content":{"rendered":"<div class=\"wpb-content-wrapper\"><p>[vc_row css_animation=&#8221;&#8221; row_type=&#8221;row&#8221; use_row_as_full_screen_section=&#8221;no&#8221; type=&#8221;full_width&#8221; angled_section=&#8221;no&#8221; text_align=&#8221;left&#8221; background_image_as_pattern=&#8221;without_pattern&#8221; css=&#8221;.vc_custom_1713247780098{background-image: url(https:\/\/www.kappadata.pl\/wp-content\/uploads\/2024\/04\/Projekt-bez-nazwy-14-1.png?id=12037) !important;}&#8221; z_index=&#8221;&#8221;][vc_column][qode_elements_holder number_of_columns=&#8221;one_column&#8221;][qode_elements_holder_item advanced_animations=&#8221;no&#8221; item_padding=&#8221;5% 10% 10% 10%&#8221;][vc_column_text]<\/p>\n<h1>Our story<\/h1>\n<p>[\/vc_column_text][vc_column_text]<\/p>\n<h3 data-start=\"157\" data-end=\"378\"><span style=\"color: #ffffff;\">Zaczynali\u015bmy w 1998 roku jako ma\u0142y zesp\u00f3\u0142 z du\u017c\u0105 pasj\u0105 do technologii. Dzi\u015b Kappa Data to ponad 40 ekspert\u00f3w, kt\u00f3rzy wspieraj\u0105 rocznie ponad 800 klient\u00f3w \u2013 zawsze z t\u0105 sam\u0105 energi\u0105 i zaanga\u017cowaniem.<\/span><\/h3>\n<h3 data-start=\"380\" data-end=\"551\"><span style=\"color: #ffffff;\">Od pocz\u0105tku stawiamy na partnerskie relacje, praktyczn\u0105 wiedz\u0119 i sprawdzone rozwi\u0105zania. Z dum\u0105 obserwujemy, jak nasze wsparcie pomaga rozwija\u0107 si\u0119 firmom w ca\u0142ej Europie.<\/span><\/h3>\n<p>[\/vc_column_text][vc_empty_space height=&#8221;80px&#8221; el_class=&#8221;onlyphone&#8221;][\/qode_elements_holder_item][\/qode_elements_holder][\/vc_column][\/vc_row][vc_row css_animation=&#8221;&#8221; row_type=&#8221;row&#8221; use_row_as_full_screen_section=&#8221;no&#8221; type=&#8221;full_width&#8221; angled_section=&#8221;no&#8221; text_align=&#8221;left&#8221; background_image_as_pattern=&#8221;without_pattern&#8221;][vc_column css=&#8221;.vc_custom_1596567247155{margin-top: -75px !important;}&#8221;][vc_row_inner row_type=&#8221;row&#8221; type=&#8221;grid&#8221; text_align=&#8221;left&#8221; css_animation=&#8221;element_from_right&#8221; transition_delay=&#8221;200&#8243;][vc_column_inner css=&#8221;.vc_custom_1596567267910{border-left-width: 5px !important;background-color: #ffffff !important;border-left-color: #c1d82f !important;border-left-style: solid !important;}&#8221;][vc_empty_space height=&#8221;25px&#8221;][vc_column_text css=&#8221;.vc_custom_1754659999611{padding-right: 10% !important;padding-left: 10% !important;}&#8221;]<\/p>\n<h3 class=\"sr-only\"><span style=\"font-size: 16px;\">Lunch &amp; Learn sessions and Test Drive events were held in various cities. The highlight was the two-day Kappa Day in Kielce, bringing together partners, vendors, and IT industry experts.<\/span><\/h3>\n<p>[\/vc_column_text][\/vc_column_inner][\/vc_row_inner][vc_row_inner row_type=&#8221;row&#8221; type=&#8221;full_width&#8221; text_align=&#8221;left&#8221; css_animation=&#8221;element_from_right&#8221; transition_delay=&#8221;200&#8243;][vc_column_inner width=&#8221;1\/6&#8243;][\/vc_column_inner][vc_column_inner width=&#8221;2\/3&#8243; css=&#8221;.vc_custom_1596567601067{margin-top: -50px !important;}&#8221;][vc_gallery type=&#8221;image_grid&#8221; images=&#8221;17668,17666,17664&#8243; img_size=&#8221;full&#8221; onclick=&#8221;&#8221; column_number=&#8221;3&#8243; grayscale=&#8221;yes&#8221; images_space=&#8221;gallery_with_space&#8221;][\/vc_column_inner][vc_column_inner width=&#8221;1\/6&#8243;][\/vc_column_inner][\/vc_row_inner][vc_row_inner row_type=&#8221;row&#8221; type=&#8221;grid&#8221; text_align=&#8221;left&#8221; css_animation=&#8221;element_from_right&#8221; transition_delay=&#8221;200&#8243;][vc_column_inner css=&#8221;.vc_custom_1596567267910{border-left-width: 5px !important;background-color: #ffffff !important;border-left-color: #c1d82f !important;border-left-style: solid !important;}&#8221;][vc_empty_space height=&#8221;25px&#8221;][vc_column_text css=&#8221;.vc_custom_1754660153809{padding-right: 10% !important;padding-left: 10% !important;}&#8221;]<\/p>\n<h3 class=\"sr-only\">2024\u20132025 \u2013 Years filled with meetings with partners across Poland.<\/h3>\n<div class=\"text-base my-auto mx-auto pb-10 [--thread-content-margin:--spacing(4)] @[37rem]:[--thread-content-margin:--spacing(6)] @[72rem]:[--thread-content-margin:--spacing(16)] px-(--thread-content-margin)\">\n<div class=\"[--thread-content-max-width:32rem] @[34rem]:[--thread-content-max-width:40rem] @[64rem]:[--thread-content-max-width:48rem] mx-auto max-w-(--thread-content-max-width) flex-1 group\/turn-messages focus-visible:outline-hidden relative flex w-full min-w-0 flex-col agent-turn\" tabindex=\"-1\">\n<div class=\"flex max-w-full flex-col grow\">\n<div class=\"min-h-8 text-message relative flex w-full flex-col items-end gap-2 text-start break-words whitespace-normal [.text-message+&amp;]:mt-5\" dir=\"auto\" data-message-author-role=\"assistant\" data-message-id=\"b6e0d708-6b66-4985-ba24-7aec97d04d37\" data-message-model-slug=\"gpt-5\">\n<div class=\"flex w-full flex-col gap-1 empty:hidden first:pt-[3px]\">\n<div class=\"markdown prose dark:prose-invert w-full break-words dark markdown-new-styling\">\n<p data-start=\"42\" data-end=\"533\">The year 2024 was marked by intensive collaboration with local communities. Together with local government units, schools, government organizations, and business partners, we organized numerous meetings, workshops, and lectures focused on IT security, new technologies, and responsible internet use. Thanks to these initiatives, Kappa Data has become a recognized and trusted partner in the region, combining its educational mission with practical support for the residents of Podkarpacie.<\/p>\n<h3 data-start=\"535\" data-end=\"602\"><strong data-start=\"535\" data-end=\"600\">2021\u20132023 \u2013 Growth, education, cooperation with organizations<\/strong><\/h3>\n<p data-start=\"604\" data-end=\"952\" data-is-last-node=\"\" data-is-only-node=\"\">From the very beginning of our operations, Kappa Data has actively supported educational and sports development in the region, working with local schools, clubs, and community organizations. We are strongly connected to Podkarpacie \u2013 we take part in events important to its residents and engage in initiatives that strengthen the local community.<\/p>\n<\/div>\n<\/div>\n<\/div>\n<\/div>\n<\/div>\n<\/div>\n<p>[\/vc_column_text][vc_empty_space height=&#8221;100px&#8221;][\/vc_column_inner][\/vc_row_inner][vc_row_inner row_type=&#8221;row&#8221; type=&#8221;full_width&#8221; text_align=&#8221;left&#8221; css_animation=&#8221;element_from_right&#8221; transition_delay=&#8221;200&#8243;][vc_column_inner width=&#8221;1\/6&#8243;][\/vc_column_inner][vc_column_inner width=&#8221;2\/3&#8243; css=&#8221;.vc_custom_1596567601067{margin-top: -50px !important;}&#8221;][vc_gallery type=&#8221;image_grid&#8221; images=&#8221;17660,17656,17658&#8243; img_size=&#8221;full&#8221; onclick=&#8221;&#8221; column_number=&#8221;3&#8243; grayscale=&#8221;yes&#8221; images_space=&#8221;gallery_with_space&#8221;][\/vc_column_inner][vc_column_inner width=&#8221;1\/6&#8243;][\/vc_column_inner][\/vc_row_inner][vc_row_inner row_type=&#8221;row&#8221; type=&#8221;grid&#8221; text_align=&#8221;left&#8221; css_animation=&#8221;element_from_right&#8221; transition_delay=&#8221;200&#8243;][vc_column_inner css=&#8221;.vc_custom_1596567267910{border-left-width: 5px !important;background-color: #ffffff !important;border-left-color: #c1d82f !important;border-left-style: solid !important;}&#8221;][vc_empty_space height=&#8221;25px&#8221;][vc_column_text css=&#8221;.vc_custom_1754659758011{padding-right: 10% !important;padding-left: 10% !important;}&#8221;]<\/p>\n<h3 class=\"sr-only\"><strong style=\"font-size: 16px;\" data-start=\"0\" data-end=\"24\">2020 \u2013 Steady growth<\/strong><\/h3>\n<div class=\"text-base my-auto mx-auto pb-10 [--thread-content-margin:--spacing(4)] @[37rem]:[--thread-content-margin:--spacing(6)] @[72rem]:[--thread-content-margin:--spacing(16)] px-(--thread-content-margin)\">\n<div class=\"[--thread-content-max-width:32rem] @[34rem]:[--thread-content-max-width:40rem] @[64rem]:[--thread-content-max-width:48rem] mx-auto max-w-(--thread-content-max-width) flex-1 group\/turn-messages focus-visible:outline-hidden relative flex w-full min-w-0 flex-col agent-turn\" tabindex=\"-1\">\n<div class=\"flex max-w-full flex-col grow\">\n<div class=\"min-h-8 text-message relative flex w-full flex-col items-end gap-2 text-start break-words whitespace-normal [.text-message+&amp;]:mt-5\" dir=\"auto\" data-message-author-role=\"assistant\" data-message-id=\"01b96fd8-f336-42a7-a740-7d1a8d59bb46\" data-message-model-slug=\"gpt-5\">\n<div class=\"flex w-full flex-col gap-1 empty:hidden first:pt-[3px]\">\n<div class=\"markdown prose dark:prose-invert w-full break-words dark markdown-new-styling\">\n<p data-start=\"28\" data-end=\"335\" data-is-last-node=\"\" data-is-only-node=\"\">At the beginning of 2020, Kappa Data Poland moved its headquarters to a new location. The modern office, opened in March, provided fully equipped training, administrative, and warehouse spaces. This was an important step in the company\u2019s continued growth \u2013 and only the beginning of further changes to come.<\/p>\n<\/div>\n<\/div>\n<\/div>\n<\/div>\n<\/div>\n<\/div>\n<p>[\/vc_column_text][vc_empty_space height=&#8221;100px&#8221;][\/vc_column_inner][\/vc_row_inner][vc_row_inner row_type=&#8221;row&#8221; type=&#8221;full_width&#8221; text_align=&#8221;left&#8221; css_animation=&#8221;element_from_right&#8221; transition_delay=&#8221;200&#8243;][vc_column_inner width=&#8221;1\/6&#8243;][\/vc_column_inner][vc_column_inner width=&#8221;2\/3&#8243; css=&#8221;.vc_custom_1596567601067{margin-top: -50px !important;}&#8221;][vc_gallery type=&#8221;image_grid&#8221; images=&#8221;2557,17632,2536&#8243; img_size=&#8221;full&#8221; onclick=&#8221;&#8221; column_number=&#8221;3&#8243; grayscale=&#8221;yes&#8221; images_space=&#8221;gallery_with_space&#8221;][\/vc_column_inner][vc_column_inner width=&#8221;1\/6&#8243;][\/vc_column_inner][\/vc_row_inner][\/vc_column][\/vc_row][vc_row css_animation=&#8221;&#8221; row_type=&#8221;row&#8221; use_row_as_full_screen_section=&#8221;no&#8221; type=&#8221;full_width&#8221; angled_section=&#8221;no&#8221; text_align=&#8221;left&#8221; background_image_as_pattern=&#8221;without_pattern&#8221; z_index=&#8221;-20&#8243;][vc_column][vc_row_inner row_type=&#8221;row&#8221; type=&#8221;grid&#8221; text_align=&#8221;left&#8221; css_animation=&#8221;element_from_right&#8221; transition_delay=&#8221;200&#8243;][vc_column_inner css=&#8221;.vc_custom_1596567687856{margin-top: -75px !important;border-left-width: 5px !important;background-color: #ffffff !important;border-left-color: #c1d82f !important;border-left-style: solid !important;}&#8221;][vc_empty_space height=&#8221;75px&#8221;][vc_column_text css=&#8221;.vc_custom_1754659843118{padding-right: 10% !important;padding-left: 10% !important;}&#8221;]<\/p>\n<h3 class=\"sr-only\"><strong style=\"font-size: 16px;\" data-start=\"0\" data-end=\"69\">2017\u20132020 \u2013 Development of competence centers and partner network<\/strong><\/h3>\n<div class=\"text-base my-auto mx-auto pb-10 [--thread-content-margin:--spacing(4)] @[37rem]:[--thread-content-margin:--spacing(6)] @[72rem]:[--thread-content-margin:--spacing(16)] px-(--thread-content-margin)\">\n<div class=\"[--thread-content-max-width:32rem] @[34rem]:[--thread-content-max-width:40rem] @[64rem]:[--thread-content-max-width:48rem] mx-auto max-w-(--thread-content-max-width) flex-1 group\/turn-messages focus-visible:outline-hidden relative flex w-full min-w-0 flex-col agent-turn\" tabindex=\"-1\">\n<div class=\"flex max-w-full flex-col grow\">\n<div class=\"min-h-8 text-message relative flex w-full flex-col items-end gap-2 text-start break-words whitespace-normal [.text-message+&amp;]:mt-5\" dir=\"auto\" data-message-author-role=\"assistant\" data-message-id=\"af78c24c-51ad-4685-9a8d-b18ebe64603a\" data-message-model-slug=\"gpt-5\">\n<div class=\"flex w-full flex-col gap-1 empty:hidden first:pt-[3px]\">\n<div class=\"markdown prose dark:prose-invert w-full break-words dark markdown-new-styling\">\n<p data-start=\"73\" data-end=\"360\">Strengthening technical expertise in Wi-Fi and network security led to achieving the status of an Authorized Training Center (ATC) for Barracuda Networks and Ekahau, Inc. Growing interest in our unique products and services translated into a dynamic increase in the number of partners.<\/p>\n<p data-start=\"362\" data-end=\"589\" data-is-last-node=\"\" data-is-only-node=\"\">During this period, in addition to ATC training, we offered partners a centralized Barracuda firewall management service through the CloudGen Control Center, significantly enhancing their technical and operational capabilities.<\/p>\n<\/div>\n<\/div>\n<\/div>\n<\/div>\n<\/div>\n<\/div>\n<p>[\/vc_column_text][vc_empty_space height=&#8221;100px&#8221;][\/vc_column_inner][\/vc_row_inner][vc_row_inner row_type=&#8221;row&#8221; type=&#8221;full_width&#8221; text_align=&#8221;left&#8221; css_animation=&#8221;element_from_right&#8221; transition_delay=&#8221;200&#8243;][vc_column_inner width=&#8221;1\/6&#8243;][\/vc_column_inner][vc_column_inner width=&#8221;2\/3&#8243; css=&#8221;.vc_custom_1596567601067{margin-top: -50px !important;}&#8221;][vc_gallery type=&#8221;image_grid&#8221; images=&#8221;2513,2542,2520&#8243; img_size=&#8221;full&#8221; onclick=&#8221;&#8221; column_number=&#8221;3&#8243; grayscale=&#8221;yes&#8221; images_space=&#8221;gallery_with_space&#8221;][\/vc_column_inner][vc_column_inner width=&#8221;1\/6&#8243;][\/vc_column_inner][\/vc_row_inner][\/vc_column][\/vc_row][vc_row css_animation=&#8221;&#8221; row_type=&#8221;row&#8221; use_row_as_full_screen_section=&#8221;no&#8221; type=&#8221;full_width&#8221; angled_section=&#8221;no&#8221; text_align=&#8221;left&#8221; background_image_as_pattern=&#8221;without_pattern&#8221; z_index=&#8221;-30&#8243;][vc_column][vc_row_inner row_type=&#8221;row&#8221; type=&#8221;grid&#8221; text_align=&#8221;left&#8221; css_animation=&#8221;element_from_right&#8221; transition_delay=&#8221;200&#8243;][vc_column_inner css=&#8221;.vc_custom_1596567687856{margin-top: -75px !important;border-left-width: 5px !important;background-color: #ffffff !important;border-left-color: #c1d82f !important;border-left-style: solid !important;}&#8221;][vc_empty_space height=&#8221;75px&#8221;][vc_column_text css=&#8221;.vc_custom_1754659831361{padding-right: 10% !important;padding-left: 10% !important;}&#8221;]<\/p>\n<div class=\"text-base my-auto mx-auto pb-10 [--thread-content-margin:--spacing(4)] @[37rem]:[--thread-content-margin:--spacing(6)] @[72rem]:[--thread-content-margin:--spacing(16)] px-(--thread-content-margin)\">\n<div class=\"[--thread-content-max-width:32rem] @[34rem]:[--thread-content-max-width:40rem] @[64rem]:[--thread-content-max-width:48rem] mx-auto max-w-(--thread-content-max-width) flex-1 group\/turn-messages focus-visible:outline-hidden relative flex w-full min-w-0 flex-col agent-turn\" tabindex=\"-1\">\n<div class=\"flex max-w-full flex-col grow\">\n<div class=\"min-h-8 text-message relative flex w-full flex-col items-end gap-2 text-start break-words whitespace-normal [.text-message+&amp;]:mt-5\" dir=\"auto\" data-message-author-role=\"assistant\" data-message-id=\"ad2a5a5b-a843-40fd-8dc0-96d7e44a6745\" data-message-model-slug=\"gpt-5\">\n<div class=\"flex w-full flex-col gap-1 empty:hidden first:pt-[3px]\">\n<div class=\"markdown prose dark:prose-invert w-full break-words dark markdown-new-styling\">\n<h3 data-start=\"0\" data-end=\"53\"><strong data-start=\"0\" data-end=\"51\">2016 \u2013 Company founding and start of operations<\/strong><\/h3>\n<p data-start=\"55\" data-end=\"356\">Kappa Data Poland was established in 2016 and, from the very beginning, has been part of the international Kappa Data Group headquartered in Belgium. This allowed us to leverage the experience and know-how gained since 1998 in European markets, building a strong position in the IT solutions sector.<\/p>\n<p data-start=\"358\" data-end=\"553\" data-is-last-node=\"\" data-is-only-node=\"\">At the beginning of 2020, Kappa Data Poland relocated its headquarters. The new office, opened in March 2020, provided access to fully equipped training, administrative, and warehouse facilities.<\/p>\n<\/div>\n<\/div>\n<\/div>\n<\/div>\n<\/div>\n<\/div>\n<p>[\/vc_column_text][vc_empty_space height=&#8221;100px&#8221;][\/vc_column_inner][\/vc_row_inner][vc_row_inner row_type=&#8221;row&#8221; type=&#8221;full_width&#8221; text_align=&#8221;left&#8221; css_animation=&#8221;element_from_right&#8221; transition_delay=&#8221;200&#8243;][vc_column_inner width=&#8221;1\/6&#8243;][\/vc_column_inner][vc_column_inner width=&#8221;2\/3&#8243; css=&#8221;.vc_custom_1596567601067{margin-top: -50px !important;}&#8221;][vc_gallery type=&#8221;image_grid&#8221; images=&#8221;2554,2545,2541&#8243; img_size=&#8221;full&#8221; onclick=&#8221;&#8221; column_number=&#8221;3&#8243; grayscale=&#8221;no&#8221; images_space=&#8221;gallery_with_space&#8221;][\/vc_column_inner][vc_column_inner width=&#8221;1\/6&#8243;][\/vc_column_inner][\/vc_row_inner][\/vc_column][\/vc_row][vc_row css_animation=&#8221;&#8221; row_type=&#8221;row&#8221; use_row_as_full_screen_section=&#8221;no&#8221; type=&#8221;full_width&#8221; angled_section=&#8221;no&#8221; text_align=&#8221;left&#8221; background_image_as_pattern=&#8221;without_pattern&#8221;][vc_column][vc_empty_space height=&#8221;40px&#8221;][\/vc_column][\/vc_row]<\/p>\n<\/div>","protected":false},"excerpt":{"rendered":"<p>[vc_row css_animation=&#8221;&#8221; row_type=&#8221;row&#8221; use_row_as_full_screen_section=&#8221;no&#8221; type=&#8221;full_width&#8221; angled_section=&#8221;no&#8221; text_align=&#8221;left&#8221; background_image_as_pattern=&#8221;without_pattern&#8221; css=&#8221;.vc_custom_1713247780098{background-image: url(https:\/\/www.kappadata.pl\/wp-content\/uploads\/2024\/04\/Projekt-bez-nazwy-14-1.png?id=12037) !important;}&#8221; z_index=&#8221;&#8221;][vc_column][qode_elements_holder number_of_columns=&#8221;one_column&#8221;][qode_elements_holder_item advanced_animations=&#8221;no&#8221; item_padding=&#8221;5% 10% 10% 10%&#8221;][vc_column_text] Our story [\/vc_column_text][vc_column_text] Zaczynali\u015bmy w 1998 roku jako ma\u0142y zesp\u00f3\u0142 z du\u017c\u0105 pasj\u0105 do technologii. Dzi\u015b Kappa Data to ponad 40 ekspert\u00f3w, kt\u00f3rzy wspieraj\u0105 rocznie ponad 800&#8230;<\/p>\n","protected":false},"author":1,"featured_media":0,"parent":2426,"menu_order":0,"comment_status":"closed","ping_status":"closed","template":"full_width.php","meta":{"_acf_changed":false,"footnotes":""},"class_list":["post-2458","page","type-page","status-publish","hentry"],"acf":[],"yoast_head":"<!-- This site is optimized with the Yoast SEO plugin v27.3 - https:\/\/yoast.com\/product\/yoast-seo-wordpress\/ -->\n<title>Our story | Kappa Data - Network connectivity, IT Security and IoT<\/title>\n<meta name=\"description\" content=\"Kappa Data was founded as a value-added IT distributor in 1998. Our team now has over 40 colleagues, and we help more than 800 customers every year.\" \/>\n<meta name=\"robots\" content=\"index, follow, max-snippet:-1, max-image-preview:large, max-video-preview:-1\" \/>\n<link rel=\"canonical\" href=\"https:\/\/www.kappadata.pl\/en\/about-us\/our-story\/\" \/>\n<meta property=\"og:locale\" content=\"en_US\" \/>\n<meta property=\"og:type\" content=\"article\" \/>\n<meta property=\"og:title\" content=\"Our story | Kappa Data - Network connectivity, IT Security and IoT\" \/>\n<meta property=\"og:description\" content=\"Kappa Data was founded as a value-added IT distributor in 1998. Our team now has over 40 colleagues, and we help more than 800 customers every year.\" \/>\n<meta property=\"og:url\" content=\"https:\/\/www.kappadata.pl\/en\/about-us\/our-story\/\" \/>\n<meta property=\"og:site_name\" content=\"Kappa Data\" \/>\n<meta property=\"article:modified_time\" content=\"2025-08-08T13:35:59+00:00\" \/>\n<meta name=\"twitter:card\" content=\"summary_large_image\" \/>\n<meta name=\"twitter:label1\" content=\"Est. reading time\" \/>\n\t<meta name=\"twitter:data1\" content=\"2 minutes\" \/>\n<script type=\"application\/ld+json\" class=\"yoast-schema-graph\">{\"@context\":\"https:\\\/\\\/schema.org\",\"@graph\":[{\"@type\":\"WebPage\",\"@id\":\"https:\\\/\\\/www.kappadata.pl\\\/en\\\/about-us\\\/our-story\\\/\",\"url\":\"https:\\\/\\\/www.kappadata.pl\\\/en\\\/about-us\\\/our-story\\\/\",\"name\":\"Our story | Kappa Data - Network connectivity, IT Security and IoT\",\"isPartOf\":{\"@id\":\"https:\\\/\\\/www.kappadata.pl\\\/#website\"},\"datePublished\":\"2020-12-02T06:52:12+00:00\",\"dateModified\":\"2025-08-08T13:35:59+00:00\",\"description\":\"Kappa Data was founded as a value-added IT distributor in 1998. Our team now has over 40 colleagues, and we help more than 800 customers every year.\",\"breadcrumb\":{\"@id\":\"https:\\\/\\\/www.kappadata.pl\\\/en\\\/about-us\\\/our-story\\\/#breadcrumb\"},\"inLanguage\":\"en-US\",\"potentialAction\":[{\"@type\":\"ReadAction\",\"target\":[\"https:\\\/\\\/www.kappadata.pl\\\/en\\\/about-us\\\/our-story\\\/\"]}]},{\"@type\":\"BreadcrumbList\",\"@id\":\"https:\\\/\\\/www.kappadata.pl\\\/en\\\/about-us\\\/our-story\\\/#breadcrumb\",\"itemListElement\":[{\"@type\":\"ListItem\",\"position\":1,\"name\":\"Strona g\u0142\u00f3wna\",\"item\":\"https:\\\/\\\/www.kappadata.pl\\\/en\\\/\"},{\"@type\":\"ListItem\",\"position\":2,\"name\":\"About us\",\"item\":\"https:\\\/\\\/www.kappadata.pl\\\/en\\\/about-us\\\/\"},{\"@type\":\"ListItem\",\"position\":3,\"name\":\"Our story\"}]},{\"@type\":\"WebSite\",\"@id\":\"https:\\\/\\\/www.kappadata.pl\\\/#website\",\"url\":\"https:\\\/\\\/www.kappadata.pl\\\/\",\"name\":\"Kappa Data\",\"description\":\"The Art of IT-infrastucture, security and IoT distribution\",\"potentialAction\":[{\"@type\":\"SearchAction\",\"target\":{\"@type\":\"EntryPoint\",\"urlTemplate\":\"https:\\\/\\\/www.kappadata.pl\\\/?s={search_term_string}\"},\"query-input\":{\"@type\":\"PropertyValueSpecification\",\"valueRequired\":true,\"valueName\":\"search_term_string\"}}],\"inLanguage\":\"en-US\"}]}<\/script>\n<!-- \/ Yoast SEO plugin. -->","yoast_head_json":{"title":"Our story | Kappa Data - Network connectivity, IT Security and IoT","description":"Kappa Data was founded as a value-added IT distributor in 1998. Our team now has over 40 colleagues, and we help more than 800 customers every year.","robots":{"index":"index","follow":"follow","max-snippet":"max-snippet:-1","max-image-preview":"max-image-preview:large","max-video-preview":"max-video-preview:-1"},"canonical":"https:\/\/www.kappadata.pl\/en\/about-us\/our-story\/","og_locale":"en_US","og_type":"article","og_title":"Our story | Kappa Data - Network connectivity, IT Security and IoT","og_description":"Kappa Data was founded as a value-added IT distributor in 1998. Our team now has over 40 colleagues, and we help more than 800 customers every year.","og_url":"https:\/\/www.kappadata.pl\/en\/about-us\/our-story\/","og_site_name":"Kappa Data","article_modified_time":"2025-08-08T13:35:59+00:00","twitter_card":"summary_large_image","twitter_misc":{"Est. reading time":"2 minutes"},"schema":{"@context":"https:\/\/schema.org","@graph":[{"@type":"WebPage","@id":"https:\/\/www.kappadata.pl\/en\/about-us\/our-story\/","url":"https:\/\/www.kappadata.pl\/en\/about-us\/our-story\/","name":"Our story | Kappa Data - Network connectivity, IT Security and IoT","isPartOf":{"@id":"https:\/\/www.kappadata.pl\/#website"},"datePublished":"2020-12-02T06:52:12+00:00","dateModified":"2025-08-08T13:35:59+00:00","description":"Kappa Data was founded as a value-added IT distributor in 1998. Our team now has over 40 colleagues, and we help more than 800 customers every year.","breadcrumb":{"@id":"https:\/\/www.kappadata.pl\/en\/about-us\/our-story\/#breadcrumb"},"inLanguage":"en-US","potentialAction":[{"@type":"ReadAction","target":["https:\/\/www.kappadata.pl\/en\/about-us\/our-story\/"]}]},{"@type":"BreadcrumbList","@id":"https:\/\/www.kappadata.pl\/en\/about-us\/our-story\/#breadcrumb","itemListElement":[{"@type":"ListItem","position":1,"name":"Strona g\u0142\u00f3wna","item":"https:\/\/www.kappadata.pl\/en\/"},{"@type":"ListItem","position":2,"name":"About us","item":"https:\/\/www.kappadata.pl\/en\/about-us\/"},{"@type":"ListItem","position":3,"name":"Our story"}]},{"@type":"WebSite","@id":"https:\/\/www.kappadata.pl\/#website","url":"https:\/\/www.kappadata.pl\/","name":"Kappa Data","description":"The Art of IT-infrastucture, security and IoT distribution","potentialAction":[{"@type":"SearchAction","target":{"@type":"EntryPoint","urlTemplate":"https:\/\/www.kappadata.pl\/?s={search_term_string}"},"query-input":{"@type":"PropertyValueSpecification","valueRequired":true,"valueName":"search_term_string"}}],"inLanguage":"en-US"}]}},"_links":{"self":[{"href":"https:\/\/www.kappadata.pl\/en\/wp-json\/wp\/v2\/pages\/2458","targetHints":{"allow":["GET"]}}],"collection":[{"href":"https:\/\/www.kappadata.pl\/en\/wp-json\/wp\/v2\/pages"}],"about":[{"href":"https:\/\/www.kappadata.pl\/en\/wp-json\/wp\/v2\/types\/page"}],"author":[{"embeddable":true,"href":"https:\/\/www.kappadata.pl\/en\/wp-json\/wp\/v2\/users\/1"}],"replies":[{"embeddable":true,"href":"https:\/\/www.kappadata.pl\/en\/wp-json\/wp\/v2\/comments?post=2458"}],"version-history":[{"count":16,"href":"https:\/\/www.kappadata.pl\/en\/wp-json\/wp\/v2\/pages\/2458\/revisions"}],"predecessor-version":[{"id":17680,"href":"https:\/\/www.kappadata.pl\/en\/wp-json\/wp\/v2\/pages\/2458\/revisions\/17680"}],"up":[{"embeddable":true,"href":"https:\/\/www.kappadata.pl\/en\/wp-json\/wp\/v2\/pages\/2426"}],"wp:attachment":[{"href":"https:\/\/www.kappadata.pl\/en\/wp-json\/wp\/v2\/media?parent=2458"}],"curies":[{"name":"wp","href":"https:\/\/api.w.org\/{rel}","templated":true}]}}